{"id":3954,"date":"2017-06-18T09:00:43","date_gmt":"2017-06-18T12:00:43","guid":{"rendered":"http:\/\/www.adonaitransporte.com.br\/?page_id=3954"},"modified":"2021-01-08T05:41:01","modified_gmt":"2021-01-08T08:41:01","slug":"empresa","status":"publish","type":"page","link":"https:\/\/goldentaxi.com.br\/?page_id=3954","title":{"rendered":"Empresa"},"content":{"rendered":"\t\t<div data-elementor-type=\"wp-page\" data-elementor-id=\"3954\" class=\"elementor elementor-3954 elementor-bc-flex-widget\">\n\t\t\t\t\t\t<section class=\"elementor-section elementor-top-section elementor-element elementor-element-e25a4b5 elementor-section-boxed elementor-section-height-default elementor-section-height-default\" data-id=\"e25a4b5\" data-element_type=\"section\" data-settings=\"{&quot;background_background&quot;:&quot;classic&quot;}\">\n\t\t\t\t\t\t<div class=\"elementor-container elementor-column-gap-default\">\n\t\t\t\t\t<div class=\"elementor-column elementor-col-100 elementor-top-column elementor-element elementor-element-e25a6da\" data-id=\"e25a6da\" data-element_type=\"column\">\n\t\t\t<div class=\"elementor-widget-wrap elementor-element-populated\">\n\t\t\t\t\t\t<div class=\"elementor-element elementor-element-e25a896 elementor-widget elementor-widget-vc_custom_heading\" data-id=\"e25a896\" data-element_type=\"widget\" data-widget_type=\"vc_custom_heading.default\">\n\t\t\t\t<div class=\"elementor-widget-container\">\n\t\t\t\t\t<div class=\" vc_custom_heading  consulting_heading_font  text_align_left has_subtitle\" ><h2 style=\"text-align: left;font-weight:700\" class=\"consulting-custom-title\">Golden Taxi\n<span class=\"subtitle\">Transportes Corporativo e Particular<\/span><\/h2><\/div>\t\t\t\t<\/div>\n\t\t\t\t<\/div>\n\t\t\t\t<section class=\"elementor-section elementor-top-section elementor-element elementor-element-e25a985 elementor-section-boxed elementor-section-height-default elementor-section-height-default\" data-id=\"e25a985\" data-element_type=\"section\" data-settings=\"{&quot;background_background&quot;:&quot;classic&quot;}\">\n\t\t\t\t\t\t<div class=\"elementor-container elementor-column-gap-default\">\n\t\t\t\t\t<div class=\"elementor-column elementor-col-100 elementor-top-column elementor-element elementor-element-e25aae4\" data-id=\"e25aae4\" data-element_type=\"column\">\n\t\t\t<div class=\"elementor-widget-wrap elementor-element-populated\">\n\t\t\t\t\t\t<div class=\"elementor-element elementor-element-e25abc6 elementor-widget elementor-widget-image\" data-id=\"e25abc6\" data-element_type=\"widget\" data-widget_type=\"image.default\">\n\t\t\t\t<div class=\"elementor-widget-container\">\n\t\t\t\t\t\t\t\t\t\t\t\t\t\t\t\t<a href=\"http:\/\/goldentaxi.com.br\/wp-content\/uploads\/2021\/01\/FotoJoiaGolden-150x150.png\" data-elementor-open-lightbox=\"yes\" data-elementor-lightbox-title=\"FotoJoiaGolden\" data-e-action-hash=\"#elementor-action%3Aaction%3Dlightbox%26settings%3DeyJpZCI6IjQ0NTAiLCJ1cmwiOiJodHRwczpcL1wvZ29sZGVudGF4aS5jb20uYnJcL3dwLWNvbnRlbnRcL3VwbG9hZHNcLzIwMjFcLzAxXC9Gb3RvSm9pYUdvbGRlbi5wbmcifQ%3D%3D\">\n\t\t\t\t\t\t\t<img fetchpriority=\"high\" decoding=\"async\" width=\"856\" height=\"512\" src=\"https:\/\/goldentaxi.com.br\/wp-content\/uploads\/2021\/01\/FotoJoiaGolden.png\" class=\"attachment-large size-large wp-image-4450\" alt=\"\" srcset=\"https:\/\/goldentaxi.com.br\/wp-content\/uploads\/2021\/01\/FotoJoiaGolden.png 856w, https:\/\/goldentaxi.com.br\/wp-content\/uploads\/2021\/01\/FotoJoiaGolden-300x179.png 300w, https:\/\/goldentaxi.com.br\/wp-content\/uploads\/2021\/01\/FotoJoiaGolden-768x459.png 768w\" sizes=\"(max-width: 856px) 100vw, 856px\" \/>\t\t\t\t\t\t\t\t<\/a>\n\t\t\t\t\t\t\t\t\t\t\t\t\t\t\t<\/div>\n\t\t\t\t<\/div>\n\t\t\t\t\t<\/div>\n\t\t<\/div>\n\t\t\t\t\t<\/div>\n\t\t<\/section>\n\t\t\t\t<div class=\"elementor-element elementor-element-e25b0f7 elementor-widget-divider--view-line elementor-widget elementor-widget-divider\" data-id=\"e25b0f7\" data-element_type=\"widget\" data-widget_type=\"divider.default\">\n\t\t\t\t<div class=\"elementor-widget-container\">\n\t\t\t\t\t\t\t<div class=\"elementor-divider\">\n\t\t\t<span class=\"elementor-divider-separator\">\n\t\t\t\t\t\t<\/span>\n\t\t<\/div>\n\t\t\t\t\t\t<\/div>\n\t\t\t\t<\/div>\n\t\t\t\t<div class=\"elementor-element elementor-element-e25b1e3 elementor-widget elementor-widget-text-editor\" data-id=\"e25b1e3\" data-element_type=\"widget\" data-widget_type=\"text-editor.default\">\n\t\t\t\t<div class=\"elementor-widget-container\">\n\t\t\t\t\t\t\t\t\t<p style=\"line-height: 22px; text-align: justify;\"><span style=\"font-size: 12pt;\"><strong>Empresa com as caracter\u00edsticas inovadora no segmento de transporte de passageiros tendo em vista a diversifica\u00e7\u00e3o de servi\u00e7os prestados e compromisso com a qualidade no atendimento.<\/strong><\/span><\/p>\n\t\t\t\t\t\t\t\t<\/div>\n\t\t\t\t<\/div>\n\t\t\t\t<div class=\"elementor-element elementor-element-e25b27e elementor-widget elementor-widget-text-editor\" data-id=\"e25b27e\" data-element_type=\"widget\" data-widget_type=\"text-editor.default\">\n\t\t\t\t<div class=\"elementor-widget-container\">\n\t\t\t\t\t\t\t\t\t<p style=\"line-height: 22px; text-align: justify;\">Atendemos toda a cidade de An\u00e1polis, cidades vizinhas e todo o Brasil.\u00a0Para seu conforto seguran\u00e7a e privacidade, colocamos a sua disposi\u00e7\u00e3o nossos <strong><em>Servi\u00e7os de Transporte 24 horas,<\/em><\/strong> conduzido por profissionais altamente qualificados.<\/p>\n\t\t\t\t\t\t\t\t<\/div>\n\t\t\t\t<\/div>\n\t\t\t\t<div class=\"elementor-element elementor-element-e25b308 elementor-widget-divider--view-line elementor-widget elementor-widget-divider\" data-id=\"e25b308\" data-element_type=\"widget\" data-widget_type=\"divider.default\">\n\t\t\t\t<div class=\"elementor-widget-container\">\n\t\t\t\t\t\t\t<div class=\"elementor-divider\">\n\t\t\t<span class=\"elementor-divider-separator\">\n\t\t\t\t\t\t<\/span>\n\t\t<\/div>\n\t\t\t\t\t\t<\/div>\n\t\t\t\t<\/div>\n\t\t\t\t<section class=\"elementor-section elementor-top-section elementor-element elementor-element-e25b3a4 elementor-section-boxed elementor-section-height-default elementor-section-height-default\" data-id=\"e25b3a4\" data-element_type=\"section\">\n\t\t\t\t\t\t<div class=\"elementor-container elementor-column-gap-default\">\n\t\t\t\t\t<div class=\"elementor-column elementor-col-25 elementor-top-column elementor-element elementor-element-e25b50d\" data-id=\"e25b50d\" data-element_type=\"column\" data-settings=\"{&quot;background_background&quot;:&quot;classic&quot;}\">\n\t\t\t<div class=\"elementor-widget-wrap elementor-element-populated\">\n\t\t\t\t\t\t<div class=\"elementor-element elementor-element-e25b67c elementor-widget elementor-widget-stm_icon_box\" data-id=\"e25b67c\" data-element_type=\"widget\" data-widget_type=\"stm_icon_box.default\">\n\t\t\t\t<div class=\"elementor-widget-container\">\n\t\t\t\t\t\n\n\n            <div onClick=\"return true\" class=\"icon_box  elementor-consulting-icon-box style_1 base clearfix\">\n                            <div class=\"icon  font-color_default font-color_base_bg\" >\n                <i style=\"font-size:25px;  \"\n                   class=\"fas fa-star\"><\/i><\/div>\n                <div class=\"icon_text\">\n                            <h4  class=\"font-color_base\">Integrity Properties\n<\/h4>\n                    <\/div>\n            <\/div>\n    \n\t\t\t\t<\/div>\n\t\t\t\t<\/div>\n\t\t\t\t<div class=\"elementor-element elementor-element-e25b6c0 elementor-widget elementor-widget-vc_custom_heading\" data-id=\"e25b6c0\" data-element_type=\"widget\" data-widget_type=\"vc_custom_heading.default\">\n\t\t\t\t<div class=\"elementor-widget-container\">\n\t\t\t\t\t<div class=\" vc_custom_heading  consulting_heading_font  text_align_right\" ><h3 style=\"font-size: 24px;color: #222222;text-align: right;line-height: 30px;font-weight:700\" class=\"consulting-custom-title\">Nossa Frota\n<\/h3><\/div>\t\t\t\t<\/div>\n\t\t\t\t<\/div>\n\t\t\t\t\t<\/div>\n\t\t<\/div>\n\t\t\t\t<div class=\"elementor-column elementor-col-75 elementor-top-column elementor-element elementor-element-e25b77b\" data-id=\"e25b77b\" data-element_type=\"column\" data-settings=\"{&quot;background_background&quot;:&quot;classic&quot;}\">\n\t\t\t<div class=\"elementor-widget-wrap elementor-element-populated\">\n\t\t\t\t\t\t<div class=\"elementor-element elementor-element-e25b8b7 elementor-widget elementor-widget-text-editor\" data-id=\"e25b8b7\" data-element_type=\"widget\" data-widget_type=\"text-editor.default\">\n\t\t\t\t<div class=\"elementor-widget-container\">\n\t\t\t\t\t\t\t\t\t<p>Composta por carros\u00a0novos e completos, investindo assim num alto padr\u00e3o de qualidade e dando \u00eanfase ao atendimento eficiente aos nossos clientes.<\/p>\n<ul style=\"font-size: 13px;\">\n<li><strong style=\"font-size: 14px;\">Categoria Executiva<\/strong>\n<div>\n<p>Perfeito para o mundo corporativo ou para levar a fam\u00edlia com grande estilo.<\/p>\n<\/div>\n<\/li>\n<li><strong style=\"font-size: 14px;\">Categoria Sedan<\/strong>\n<div>\n<p>Para quem deseja luxo, conforto e sofistica\u00e7\u00e3o.<\/p>\n<\/div>\n<\/li>\n<li><strong style=\"font-size: 14px;\">Categoria SUV<\/strong>\n<div>\n<p>Com seu tamanho fam\u00edlia, tecnologia de ponta, assim como o luxo no acabamento.<\/p>\n<\/div>\n<\/li>\n<\/ul>\n\t\t\t\t\t\t\t\t<\/div>\n\t\t\t\t<\/div>\n\t\t\t\t\t<\/div>\n\t\t<\/div>\n\t\t\t\t\t<\/div>\n\t\t<\/section>\n\t\t\t\t<div class=\"elementor-element elementor-element-e25b955 elementor-widget-divider--separator-type-pattern elementor-widget-divider--view-line elementor-widget elementor-widget-divider\" data-id=\"e25b955\" data-element_type=\"widget\" data-widget_type=\"divider.default\">\n\t\t\t\t<div class=\"elementor-widget-container\">\n\t\t\t\t\t\t\t<div class=\"elementor-divider\" style=\"--divider-pattern-url: url(&quot;data:image\/svg+xml,%3Csvg xmlns=&#039;http:\/\/www.w3.org\/2000\/svg&#039; preserveAspectRatio=&#039;none&#039; overflow=&#039;visible&#039; height=&#039;100%&#039; viewBox=&#039;0 0 24 24&#039; fill=&#039;black&#039; stroke=&#039;none&#039;%3E%3C\/svg%3E&quot;);\">\n\t\t\t<span class=\"elementor-divider-separator\">\n\t\t\t\t\t\t<\/span>\n\t\t<\/div>\n\t\t\t\t\t\t<\/div>\n\t\t\t\t<\/div>\n\t\t\t\t<section class=\"elementor-section elementor-top-section elementor-element elementor-element-e25b9f7 elementor-section-boxed elementor-section-height-default elementor-section-height-default\" data-id=\"e25b9f7\" data-element_type=\"section\" data-settings=\"{&quot;background_background&quot;:&quot;classic&quot;}\">\n\t\t\t\t\t\t<div class=\"elementor-container elementor-column-gap-20\">\n\t\t\t\t\t<div class=\"elementor-column elementor-col-25 elementor-top-column elementor-element elementor-element-e25bb60\" data-id=\"e25bb60\" data-element_type=\"column\" data-settings=\"{&quot;background_background&quot;:&quot;classic&quot;}\">\n\t\t\t<div class=\"elementor-widget-wrap elementor-element-populated\">\n\t\t\t\t\t\t<div class=\"elementor-element elementor-element-e25bc6b elementor-widget elementor-widget-vc_custom_heading\" data-id=\"e25bc6b\" data-element_type=\"widget\" data-widget_type=\"vc_custom_heading.default\">\n\t\t\t\t<div class=\"elementor-widget-container\">\n\t\t\t\t\t<div class=\" vc_custom_heading  consulting_heading_font  text_align_center\" ><h3 style=\"font-size: 24px;color: #222222;text-align: center;line-height: 30px;font-weight:700\" class=\"consulting-custom-title\">MISS\u00c3O\n<\/h3><\/div>\t\t\t\t<\/div>\n\t\t\t\t<\/div>\n\t\t\t\t<div class=\"elementor-element elementor-element-e25bd17 elementor-widget elementor-widget-text-editor\" data-id=\"e25bd17\" data-element_type=\"widget\" data-widget_type=\"text-editor.default\">\n\t\t\t\t<div class=\"elementor-widget-container\">\n\t\t\t\t\t\t\t\t\t<p style=\"text-align: center;\">Oferecer um Atendimento com <em><strong>Qualidade, Conforto, Seguran\u00e7a<\/strong><\/em> e <strong><em>Pontualidade.<\/em><\/strong><\/p>\n\t\t\t\t\t\t\t\t<\/div>\n\t\t\t\t<\/div>\n\t\t\t\t\t<\/div>\n\t\t<\/div>\n\t\t\t\t<div class=\"elementor-column elementor-col-25 elementor-top-column elementor-element elementor-element-e25bdab\" data-id=\"e25bdab\" data-element_type=\"column\">\n\t\t\t<div class=\"elementor-widget-wrap elementor-element-populated\">\n\t\t\t\t\t\t<div class=\"elementor-element elementor-element-e25beba elementor-widget elementor-widget-vc_custom_heading\" data-id=\"e25beba\" data-element_type=\"widget\" data-widget_type=\"vc_custom_heading.default\">\n\t\t\t\t<div class=\"elementor-widget-container\">\n\t\t\t\t\t<div class=\" vc_custom_heading  consulting_heading_font  text_align_center\" ><h3 style=\"font-size: 24px;color: #222222;text-align: center;line-height: 30px;font-weight:700\" class=\"consulting-custom-title\">VIS\u00c3O\n<\/h3><\/div>\t\t\t\t<\/div>\n\t\t\t\t<\/div>\n\t\t\t\t<div class=\"elementor-element elementor-element-e25bf64 elementor-widget elementor-widget-text-editor\" data-id=\"e25bf64\" data-element_type=\"widget\" data-widget_type=\"text-editor.default\">\n\t\t\t\t<div class=\"elementor-widget-container\">\n\t\t\t\t\t\t\t\t\t<p style=\"text-align: center;\">O objetivo da nossa empresa \u00e9 disponibilizar aos nossos clientes o <em><strong>Melhor<\/strong> <strong>Atendimento<\/strong><\/em> e se transformar na maior e melhor empresa de Transporte de An\u00e1polis.<\/p>\n\t\t\t\t\t\t\t\t<\/div>\n\t\t\t\t<\/div>\n\t\t\t\t\t<\/div>\n\t\t<\/div>\n\t\t\t\t<div class=\"elementor-column elementor-col-25 elementor-top-column elementor-element elementor-element-e25bff3\" data-id=\"e25bff3\" data-element_type=\"column\">\n\t\t\t<div class=\"elementor-widget-wrap elementor-element-populated\">\n\t\t\t\t\t\t<div class=\"elementor-element elementor-element-e25c0d0 elementor-widget elementor-widget-vc_custom_heading\" data-id=\"e25c0d0\" data-element_type=\"widget\" data-widget_type=\"vc_custom_heading.default\">\n\t\t\t\t<div class=\"elementor-widget-container\">\n\t\t\t\t\t<div class=\" vc_custom_heading  consulting_heading_font  text_align_center\" ><h3 style=\"font-size: 24px;color: #222222;text-align: center;line-height: 30px;font-weight:700\" class=\"consulting-custom-title\">VALORIZA\u00c7\u00c3O\n<\/h3><\/div>\t\t\t\t<\/div>\n\t\t\t\t<\/div>\n\t\t\t\t<div class=\"elementor-element elementor-element-e25c176 elementor-widget elementor-widget-text-editor\" data-id=\"e25c176\" data-element_type=\"widget\" data-widget_type=\"text-editor.default\">\n\t\t\t\t<div class=\"elementor-widget-container\">\n\t\t\t\t\t\t\t\t\t<p style=\"text-align: center;\">Respeitar o cliente e colaborador levando a <em><strong>Confian\u00e7a<\/strong><\/em>, <em><strong>Transpar\u00eancia<\/strong>, <strong>Efici\u00eancia<\/strong><\/em> e <em><strong>Pontualidade<\/strong>.<\/em><\/p>\n\t\t\t\t\t\t\t\t<\/div>\n\t\t\t\t<\/div>\n\t\t\t\t\t<\/div>\n\t\t<\/div>\n\t\t\t\t<div class=\"elementor-column elementor-col-25 elementor-top-column elementor-element elementor-element-e25c204\" data-id=\"e25c204\" data-element_type=\"column\">\n\t\t\t<div class=\"elementor-widget-wrap elementor-element-populated\">\n\t\t\t\t\t\t<div class=\"elementor-element elementor-element-e25c2e3 elementor-widget elementor-widget-vc_custom_heading\" data-id=\"e25c2e3\" data-element_type=\"widget\" data-widget_type=\"vc_custom_heading.default\">\n\t\t\t\t<div class=\"elementor-widget-container\">\n\t\t\t\t\t<div class=\" vc_custom_heading  consulting_heading_font  text_align_center\" ><h3 style=\"font-size: 24px;color: #222222;text-align: center;line-height: 30px;font-weight:700\" class=\"consulting-custom-title\">PRINC\u00cdPIOS\n<\/h3><\/div>\t\t\t\t<\/div>\n\t\t\t\t<\/div>\n\t\t\t\t<div class=\"elementor-element elementor-element-e25c384 elementor-widget elementor-widget-text-editor\" data-id=\"e25c384\" data-element_type=\"widget\" data-widget_type=\"text-editor.default\">\n\t\t\t\t<div class=\"elementor-widget-container\">\n\t\t\t\t\t\t\t\t\t<p style=\"text-align: center;\"><em><strong>Compromisso<\/strong><\/em> com o cliente, garantindo assim a <em><strong>Qualidade<\/strong><\/em> no <em><strong>Atendimento.<\/strong><\/em><\/p>\n\t\t\t\t\t\t\t\t<\/div>\n\t\t\t\t<\/div>\n\t\t\t\t\t<\/div>\n\t\t<\/div>\n\t\t\t\t\t<\/div>\n\t\t<\/section>\n\t\t\t\t\t<\/div>\n\t\t<\/div>\n\t\t\t\t<div class=\"elementor-column elementor-col-25 elementor-top-column elementor-element elementor-element-e25c414 elementor-hidden-tablet elementor-hidden-phone\" data-id=\"e25c414\" data-element_type=\"column\">\n\t\t\t<div class=\"elementor-widget-wrap elementor-element-populated\">\n\t\t\t\t\t\t<div class=\"elementor-element elementor-element-e25c4f0 elementor-widget elementor-widget-stm_sidebar\" data-id=\"e25c4f0\" data-element_type=\"widget\" data-widget_type=\"stm_sidebar.default\">\n\t\t\t\t<div class=\"elementor-widget-container\">\n\t\t\t\t\t\n<div class=\"stm_sidebar consulting_elementor_sidebar\">\n\n            \t\t<div data-elementor-type=\"wp-post\" data-elementor-id=\"619\" class=\"elementor elementor-619\">\n\t\t\t\t\t\t<section class=\"elementor-section elementor-top-section elementor-element elementor-element-1e50015 elementor-section-boxed elementor-section-height-default elementor-section-height-default\" data-id=\"1e50015\" data-element_type=\"section\">\n\t\t\t\t\t\t<div class=\"elementor-container elementor-column-gap-default\">\n\t\t\t\t\t<div class=\"elementor-column elementor-col-100 elementor-top-column elementor-element elementor-element-1e50174\" data-id=\"1e50174\" data-element_type=\"column\">\n\t\t\t<div class=\"elementor-widget-wrap elementor-element-populated\">\n\t\t\t\t\t\t<div class=\"elementor-element elementor-element-1e50326 elementor-align-left elementor-widget elementor-widget-button\" data-id=\"1e50326\" data-element_type=\"widget\" data-widget_type=\"button.default\">\n\t\t\t\t<div class=\"elementor-widget-container\">\n\t\t\t\t\t\t\t\t\t<div class=\"elementor-button-wrapper icon_align_  button_block\">\n\t\t\t\t\t<a class=\"elementor-button elementor-button-link elementor-size-lg\" href=\"#\">\n\t\t\t\t\t\t<span class=\"elementor-button-content-wrapper\">\n\t\t\t\t\t\t\t\t\t<span class=\"elementor-button-text\">Golden Taxi<\/span>\n\t\t\t\t\t<\/span>\n\t\t\t\t\t<\/a>\n\t\t\t\t<\/div>\n\t\t\t\t\t\t\t\t<\/div>\n\t\t\t\t<\/div>\n\t\t\t\t\t<\/div>\n\t\t<\/div>\n\t\t\t\t\t<\/div>\n\t\t<\/section>\n\t\t\t\t<section class=\"elementor-section elementor-top-section elementor-element elementor-element-1e508a2 third_bg_color elementor-section-boxed elementor-section-height-default elementor-section-height-default\" data-id=\"1e508a2\" data-element_type=\"section\" data-settings=\"{&quot;background_background&quot;:&quot;classic&quot;}\">\n\t\t\t\t\t\t<div class=\"elementor-container elementor-column-gap-default\">\n\t\t\t\t\t<div class=\"elementor-column elementor-col-100 elementor-top-column elementor-element elementor-element-1e509ca\" data-id=\"1e509ca\" data-element_type=\"column\" data-settings=\"{&quot;background_background&quot;:&quot;classic&quot;}\">\n\t\t\t<div class=\"elementor-widget-wrap elementor-element-populated\">\n\t\t\t\t\t\t<div class=\"elementor-element elementor-element-1e50ac0 elementor-widget elementor-widget-vc_custom_heading\" data-id=\"1e50ac0\" data-element_type=\"widget\" data-widget_type=\"vc_custom_heading.default\">\n\t\t\t\t<div class=\"elementor-widget-container\">\n\t\t\t\t\t<div class=\" vc_custom_heading  consulting_heading_font  text_align_left\" ><div style=\"font-size: 16px;color: #222222;text-align: left;font-weight:700\" class=\"consulting-custom-title\"><a href=\"https:\/\/api.whatsapp.com\/send?phone=5562992390101&amp;text=Ol%C3%A1,%20estou%20interessado%20em%20contratar%20os%20seus%20servi%C3%A7os.\">Fale conosco\n<\/a><\/div><\/div>\t\t\t\t<\/div>\n\t\t\t\t<\/div>\n\t\t\t\t<div class=\"elementor-element elementor-element-1e50c11 elementor-widget__width-auto elementor-widget elementor-widget-button\" data-id=\"1e50c11\" data-element_type=\"widget\" data-widget_type=\"button.default\">\n\t\t\t\t<div class=\"elementor-widget-container\">\n\t\t\t\t\t\t\t\t\t<div class=\"elementor-button-wrapper icon_align_  \">\n\t\t\t\t\t<a class=\"elementor-button elementor-button-link elementor-size-sm\" href=\"https:\/\/api.whatsapp.com\/send?phone=5562992390101&#038;text=Ol%C3%A1,%20estou%20interessado%20em%20contratar%20os%20seus%20servi%C3%A7os.\">\n\t\t\t\t\t\t<span class=\"elementor-button-content-wrapper\">\n\t\t\t\t\t\t<span class=\"elementor-button-icon\">\n\t\t\t\t<i aria-hidden=\"true\" class=\"fa fa-phone-square\"><\/i>\t\t\t<\/span>\n\t\t\t\t\t\t\t\t\t<span class=\"elementor-button-text\">Contato<\/span>\n\t\t\t\t\t<\/span>\n\t\t\t\t\t<\/a>\n\t\t\t\t<\/div>\n\t\t\t\t\t\t\t\t<\/div>\n\t\t\t\t<\/div>\n\t\t\t\t\t<\/div>\n\t\t<\/div>\n\t\t\t\t\t<\/div>\n\t\t<\/section>\n\t\t\t\t<section class=\"elementor-section elementor-top-section elementor-element elementor-element-1e510d4 elementor-section-boxed elementor-section-height-default elementor-section-height-default\" data-id=\"1e510d4\" data-element_type=\"section\" data-settings=\"{&quot;background_background&quot;:&quot;classic&quot;}\">\n\t\t\t\t\t\t<div class=\"elementor-container elementor-column-gap-default\">\n\t\t\t\t\t<div class=\"elementor-column elementor-col-100 elementor-top-column elementor-element elementor-element-1e511ee\" data-id=\"1e511ee\" data-element_type=\"column\">\n\t\t\t<div class=\"elementor-widget-wrap elementor-element-populated\">\n\t\t\t\t\t\t<div class=\"elementor-element elementor-element-1e512e4 elementor-widget elementor-widget-stm_testimonials\" data-id=\"1e512e4\" data-element_type=\"widget\" data-widget_type=\"stm_testimonials.default\">\n\t\t\t\t<div class=\"elementor-widget-container\">\n\t\t\t\t\t\n\n\t\t\t<div class=\"stm_testimonials consulting_elementor_testimonials cols_2 style_1\">\n\t\t\t\t\t\t\t<div class=\"item\">\n\t\t\t\t\t<div class=\"testimonial\"><p>O Laborat\u00f3rio TEUTO tem trabalhado com exclusividade com a Golden Taxi no transporte de nossos clientes e funcion\u00e1rios pela confiabilidade, seriedade e pelo expresso desejo de sempre alcan\u00e7ar a excel\u00eancia em sua presta\u00e7\u00e3o de servi\u00e7os. Isso traz ao TEUTO a seguran\u00e7a de confiar a Golden Taxi nosso maior bem que s\u00e3o os nossos clientes e colaboradores.<\/p>\n<\/div>\n\t\t\t\t\t<div class=\"testimonial-info clearfix\">\n\t\t\t\t\t\t<div class=\"testimonial-image\"><img decoding=\"async\" width=\"50\" height=\"50\" src=\"https:\/\/goldentaxi.com.br\/wp-content\/uploads\/2016\/04\/teuto-pfizer-50x50.gif\" class=\"attachment-consulting-image-50x50-croped size-consulting-image-50x50-croped wp-post-image\" alt=\"\" srcset=\"https:\/\/goldentaxi.com.br\/wp-content\/uploads\/2016\/04\/teuto-pfizer-50x50.gif 50w, https:\/\/goldentaxi.com.br\/wp-content\/uploads\/2016\/04\/teuto-pfizer-150x150.gif 150w, https:\/\/goldentaxi.com.br\/wp-content\/uploads\/2016\/04\/teuto-pfizer-250x250.gif 250w\" sizes=\"(max-width: 50px) 100vw, 50px\" \/><\/div>\n\t\t\t\t\t\t<div class=\"testimonial-text\">\n\t\t\t\t\t\t\t<div class=\"name\">Laborat\u00f3rio TEUTO<\/div>\n\t\t\t\t\t\t\t<div class=\"company\">\n\t\t\t\t\t\t\tGestor Transporte, Laborat\u00f3rio TEUTO\t\t\t\t\t\t\t<\/div>\n\t\t\t\t\t\t<\/div>\n\t\t\t\t\t<\/div>\n\t\t\t\t<\/div>\n\t\t\t\t\t<\/div>\n\t\n\t\t\t\t\t<\/div>\n\t\t\t\t<\/div>\n\t\t\t\t\t<\/div>\n\t\t<\/div>\n\t\t\t\t\t<\/div>\n\t\t<\/section>\n\t\t\t\t<\/div>\n\t\t    \n<\/div>\t\t\t\t<\/div>\n\t\t\t\t<\/div>\n\t\t\t\t\t<\/div>\n\t\t<\/div>\n\t\t\t\t\t<\/div>\n\t\t<\/section>\n\t\t\t\t<section class=\"elementor-section elementor-top-section elementor-element elementor-element-e25c521 third_bg_color elementor-section-boxed elementor-section-height-default elementor-section-height-default\" data-id=\"e25c521\" data-element_type=\"section\" data-settings=\"{&quot;background_background&quot;:&quot;classic&quot;}\">\n\t\t\t\t\t\t<div class=\"elementor-container elementor-column-gap-default\">\n\t\t\t\t\t<div class=\"elementor-column elementor-col-100 elementor-top-column elementor-element elementor-element-e25c626\" data-id=\"e25c626\" data-element_type=\"column\">\n\t\t\t<div class=\"elementor-widget-wrap elementor-element-populated\">\n\t\t\t\t\t\t<div class=\"elementor-element elementor-element-e25c6fc elementor-widget elementor-widget-vc_cta\" data-id=\"e25c6fc\" data-element_type=\"widget\" data-widget_type=\"vc_cta.default\">\n\t\t\t\t<div class=\"elementor-widget-container\">\n\t\t\t\t\t\n<div class=\"ce_cta ce_cta_2cba7ab2f0d08863092ff2ecd5108db2 ce_text_left third_bg_color add_button_right btn_align_right btn_button_block_true btn_has_icon btn_has_icon_on_the_right\" id=\"\">\n\t<div class=\"ce_cta__content\">\n\t\t<div class=\"ce_cta__content__header\">\n\t\t\t<h2  class='ce_cta__content__title '>PRECISANDO DE TRANSPORTE?<\/h2>\t\t<\/div>\n\t\t\t<\/div>\n\n\t\t<div class=\"ce_cta__action\">\n\t\t<a\n\t\t\thref=\"https:\/\/api.whatsapp.com\/send?phone=5562992390101&#038;text=Ol%C3%A1,%20estou%20interessado%20em%20contratar%20os%20seus%20servi%C3%A7os.\"\n\t\t\t\t\t\ttarget=\"_self\"\n\t\t\tclass=\"button\n\t\t\t\t\t\">\n\t\t\t<span>\u00e9 s\u00f3 clicar<\/span>\n\t\t\t\t\t\t<i class=\"fa fa-chevron-right\"><\/i>\n\t\t\t\t\t<\/a>\n\t<\/div>\n\t<\/div>\n\t\t\t\t<\/div>\n\t\t\t\t<\/div>\n\t\t\t\t\t<\/div>\n\t\t<\/div>\n\t\t\t\t\t<\/div>\n\t\t<\/section>\n\t\t\t\t<\/div>\n\t\t","protected":false},"excerpt":{"rendered":"<p>[vc_row css=&#8221;.vc_custom_1452687555475{margin-bottom: 100px !important;}&#8221;][vc_column offset=&#8221;vc_col-lg-9 vc_col-md-9&#8243;][vc_custom_heading text=&#8221;Golden Taxi&#8221; use_theme_fonts=&#8221;yes&#8221; subtitle=&#8221;Transportes Corporativo e Particular&#8221; css=&#8221;.vc_custom_1556144316344{margin-bottom: 30px !important;}&#8221;][vc_row_inner css=&#8221;.vc_custom_1453271494452{margin-bottom: 50px !important;}&#8221;][vc_column_inner][vc_single_image image=&#8221;4450&#8243; img_size=&#8221;full&#8221; style=&#8221;vc_box_shadow_border&#8221; onclick=&#8221;link_image&#8221;][\/vc_column_inner][\/vc_row_inner][vc_separator color=&#8221;custom&#8221; accent_color=&#8221;#dddddd&#8221; css=&#8221;.vc_custom_1453271595991{margin-bottom: 21px !important;}&#8221;][vc_column_text] Empresa com as caracter\u00edsticas inovadora no segmento de transporte de passageiros tendo em vista a diversifica\u00e7\u00e3o de servi\u00e7os prestados e compromisso com a qualidade no atendimento. [\/vc_column_text][vc_column_text]<\/p>\n","protected":false},"author":1,"featured_media":0,"parent":0,"menu_order":0,"comment_status":"closed","ping_status":"closed","template":"","meta":{"inline_featured_image":false,"footnotes":""},"class_list":["post-3954","page","type-page","status-publish","hentry"],"_links":{"self":[{"href":"https:\/\/goldentaxi.com.br\/index.php?rest_route=\/wp\/v2\/pages\/3954","targetHints":{"allow":["GET"]}}],"collection":[{"href":"https:\/\/goldentaxi.com.br\/index.php?rest_route=\/wp\/v2\/pages"}],"about":[{"href":"https:\/\/goldentaxi.com.br\/index.php?rest_route=\/wp\/v2\/types\/page"}],"author":[{"embeddable":true,"href":"https:\/\/goldentaxi.com.br\/index.php?rest_route=\/wp\/v2\/users\/1"}],"replies":[{"embeddable":true,"href":"https:\/\/goldentaxi.com.br\/index.php?rest_route=%2Fwp%2Fv2%2Fcomments&post=3954"}],"version-history":[{"count":19,"href":"https:\/\/goldentaxi.com.br\/index.php?rest_route=\/wp\/v2\/pages\/3954\/revisions"}],"predecessor-version":[{"id":4438,"href":"https:\/\/goldentaxi.com.br\/index.php?rest_route=\/wp\/v2\/pages\/3954\/revisions\/4438"}],"wp:attachment":[{"href":"https:\/\/goldentaxi.com.br\/index.php?rest_route=%2Fwp%2Fv2%2Fmedia&parent=3954"}],"curies":[{"name":"wp","href":"https:\/\/api.w.org\/{rel}","templated":true}]}}