{"id":3506,"date":"2017-05-25T16:17:21","date_gmt":"2017-05-25T19:17:21","guid":{"rendered":"http:\/\/novo.tempotelecom.com.br\/?page_id=3506"},"modified":"2025-02-11T12:22:22","modified_gmt":"2025-02-11T15:22:22","slug":"politica-de-privacidade","status":"publish","type":"page","link":"https:\/\/goldentaxi.com.br\/?page_id=3506","title":{"rendered":"Politica de Privacidade"},"content":{"rendered":"\t\t<div data-elementor-type=\"wp-page\" data-elementor-id=\"3506\" class=\"elementor elementor-3506\">\n\t\t\t\t\t\t<section class=\"elementor-section elementor-top-section elementor-element elementor-element-565130e4 elementor-section-boxed elementor-section-height-default elementor-section-height-default\" data-id=\"565130e4\" data-element_type=\"section\">\n\t\t\t\t\t\t<div class=\"elementor-container elementor-column-gap-default\">\n\t\t\t\t\t<div class=\"elementor-column elementor-col-100 elementor-top-column elementor-element elementor-element-4de44263\" data-id=\"4de44263\" data-element_type=\"column\">\n\t\t\t<div class=\"elementor-widget-wrap elementor-element-populated\">\n\t\t\t\t\t\t<div class=\"elementor-element elementor-element-58f3c539 elementor-widget elementor-widget-text-editor\" data-id=\"58f3c539\" data-element_type=\"widget\" data-widget_type=\"text-editor.default\">\n\t\t\t\t<div class=\"elementor-widget-container\">\n\t\t\t\t\t\t\t\t\t<p class=\"body-text\">POR FAVOR, LEIA CUIDADOSAMENTE O PRESENTE DOCUMENTO.<\/p>\n<p>\u00a0<\/p>\n<h2 class=\"sub-heading text-emphasis\">Considerando que:<\/h2>\n<p>I) a JOSE HENRIQUE LOPES DA SILVA EIRELI &#8211; ME (\u201cTODAYSI\u201d) (CNPJ\/MF n\u00ba 918.087\/0001-09 \u00e9 uma pessoa jur\u00eddica de direito privado, empresa regularmente constitu\u00edda que se dedica ao ramo de programas de computadores (softwares \/ aplicativos) e promove a presta\u00e7\u00e3o de servi\u00e7os de desenvolvimento de programas de computador e aplicativos, suporte t\u00e9cnico, manuten\u00e7\u00e3o e outros servi\u00e7os em tecnologia da informa\u00e7\u00e3o;<\/p>\n<p style=\"text-align: justify;\">(II) a TODAYSI desenvolveu um de Engajamento e Fideliza\u00e7\u00e3o para empresas de vendas de pe\u00e7as e servi\u00e7os de ve\u00edculos automotores denominado \u201cGolden T\u00e1xi\u201d vinculado a um software \/ plataforma para unir e oferecer a possibilidade de encontro de \u201cquem oferta\u201d experi\u00eancia de um bom servi\u00e7os e o baixo pre\u00e7o de produtos, al\u00e9m de oferecer uma ferramenta para gest\u00e3o, controle e manuten\u00e7\u00e3o das frotas pessoais de ve\u00edculos, al\u00e9m de gerar oportunidades de descontos e brindes, tudo isso atrav\u00e9s de intermedia\u00e7\u00e3o e curadoria do \u201cGolden T\u00e1xi\u201d, por quem \u201cbusca\u201d este tipo de servi\u00e7os, todos ligados por meio de um aplicativo para consumidores (www.goldentaxi.com.br), doravante simplesmente denominado \u201cGolden T\u00e1xi\u201d;<\/p>\n<p style=\"text-align: justify;\">(III) o Golden T\u00e1xi compreende e \u00e9 definido como um aplicativo voltado para usu\u00e1rios (clientes\/consumidores) de smartphone com sistema\/plataforma Android ou IOS, por meio do qual tais usu\u00e1rios poder\u00e3o por meio do mesmo realizar a gest\u00e3o, controle e manuten\u00e7\u00e3o das frotas pessoais de ve\u00edculos al\u00e9m de poderem particular de resgates de promo\u00e7\u00f5es atrav\u00e9s de ac\u00famulos de pontua\u00e7\u00f5es que \u00e9 gerada pelo \u201cGolden T\u00e1xi\u201d.<\/p>\n<p style=\"text-align: justify;\">(VI) ao instalar e utilizar o Golden T\u00e1xi, o usu\u00e1rio automaticamente concorda com todos os termos da presente Pol\u00edtica de Privacidade e Termos e condi\u00e7\u00f5es de uso, dispon\u00edveis tamb\u00e9m em <a href=\"https:\/\/goldentaxi.com.br\/?page_id=4442\">https:\/\/goldentaxi.com.br\/appgolden\/<\/a>, as altera\u00e7\u00f5es sobre nossa pol\u00edtica de privacidade ser\u00e3o devidamente informadas neste espa\u00e7o.<\/p>\n<p style=\"text-align: justify;\"><strong>I \u2013 Privacidade e Seguran\u00e7a:<\/strong><\/p>\n<p style=\"text-align: justify;\">1.1. A Golden T\u00e1xi tem o compromisso com a privacidade e a seguran\u00e7a de seus usu\u00e1rios durante todo o processo de navega\u00e7\u00e3o pelo website. Os dados cadastrais dos usu\u00e1rios eventualmente coletados n\u00e3o s\u00e3o vendidos, trocados ou divulgados para terceiros, exceto quando essas informa\u00e7\u00f5es s\u00e3o necess\u00e1rias para eventual processo de cobran\u00e7a, ou para participa\u00e7\u00e3o em promo\u00e7\u00f5es solicitadas pelos pr\u00f3prios clientes.<\/p>\n<p style=\"text-align: justify;\">1.2. A Golden T\u00e1xi utiliza cookies e informa\u00e7\u00f5es de sua navega\u00e7\u00e3o (sess\u00e3o do browser) com o objetivo de tra\u00e7ar um perfil do p\u00fablico que visita o website e aperfei\u00e7oar sempre nossos servi\u00e7os, conte\u00fados e garantir as melhores ofertas e promo\u00e7\u00f5es para voc\u00ea. Durante todo este processo mantemos suas informa\u00e7\u00f5es em sigilo absoluto. Vale lembrar que seus dados s\u00e3o registrados pela Golden T\u00e1xi de forma automatizada, dispensando manipula\u00e7\u00e3o humana.<\/p>\n<p style=\"text-align: justify;\">1.3. Para que estes dados permane\u00e7am intactos, n\u00f3s desaconselhamos expressamente a divulga\u00e7\u00e3o de senhas a terceiros, mesmo a amigos e parentes.<\/p>\n<p style=\"text-align: justify;\">1.4. A Golden T\u00e1xi respeita a privacidade de seus visitantes online e usu\u00e1rios de servi\u00e7os. Reconhecemos a import\u00e2ncia de proteger as informa\u00e7\u00f5es coletadas dos usu\u00e1rios e adotamos pol\u00edticas de privacidade que orientam como a Golden T\u00e1xi re\u00fane, armazena e utiliza informa\u00e7\u00f5es sobre o perfil de utiliza\u00e7\u00e3o de servi\u00e7os pelos usu\u00e1rios em websites e pelo aplicativo pelos usu\u00e1rios.<\/p>\n<p style=\"text-align: justify;\">1.4.1 O banco de dados utilizado pela Golden T\u00e1xi tem acesso controlado e restrito a apenas poucos funcion\u00e1rios habilitados, obrigados contratualmente a preservar a confidencialidade de suas informa\u00e7\u00f5es.<\/p>\n<p style=\"text-align: justify;\">1.4.2 A Golden T\u00e1xi n\u00e3o fornecer\u00e1 os dados cadastrais dos usu\u00e1rios do aplicativo a terceiros, exceto nos casos expressamente previstos neste documento, sendo estes mantidos em banco de dados com sigilo.<\/p>\n<p style=\"text-align: justify;\">1.4.3 A Golden T\u00e1xi coleta as seguintes informa\u00e7\u00f5es: a) pessoais do usu\u00e1rio: nome completo, e-mail, endere\u00e7o, telefones de contato, data de nascimento, sexo, prefer\u00eancias selecionadas pelo usu\u00e1rio; b) n\u00e3o pessoais: hist\u00f3rico de navega\u00e7\u00e3o dentro do website <a href=\"https:\/\/goldentaxi.com.br\/appgolden\/\">www.goldentaxi.com.br<\/a>, o n\u00ba do IP (Internet Protocol), localiza\u00e7\u00e3o, tipo e modelo do equipamento utilizado pelo usu\u00e1rio (computador tipo desktop ou dispositivos m\u00f3veis), navegador utilizado e informa\u00e7\u00f5es similares, dados de seus ve\u00edculos, manuten\u00e7\u00f5es, quilometragens e abastecimentos realizados.<\/p>\n<p style=\"text-align: justify;\">1.4.4 As informa\u00e7\u00f5es coletadas pela Golden T\u00e1xi servem estritamente para a comunica\u00e7\u00e3o entre as partes envolvidas, estudo de tend\u00eancias demogr\u00e1ficas de mercado e, ainda, para o aprimoramento constante da oferta de servi\u00e7os e eventuais produtos e promo\u00e7\u00f5es para o usu\u00e1rio, de maneira personalizada, adequando as ofertas enviadas ao seu perfil de interesse.<\/p>\n<p style=\"text-align: justify;\">1.5. O teor do presente documento est\u00e1 em vigor desde a data de sua \u00faltima revis\u00e3o. No entanto, observe que a presente Pol\u00edtica de Privacidade poder\u00e1 ser alterada para refletir eventuais atualiza\u00e7\u00f5es e aditamentos. Por favor, solicitamos que consulte periodicamente a Pol\u00edtica de Privacidade mais atual, disponibilizada atrav\u00e9s do aplicativo Golden T\u00e1xi e no website da Golden T\u00e1xi (www.goldentaxi.com.br).<\/p>\n<p style=\"text-align: justify;\">1.6. Se voc\u00ea fornecer Informa\u00e7\u00f5es Pessoais para a Golden T\u00e1xi, tais como enviadas por e-mail ou apresentadas atrav\u00e9s de formul\u00e1rios em website ou aplicativo, a Golden T\u00e1xi poder\u00e1 compartilhar estas informa\u00e7\u00f5es com terceiros, incluindo, entre outras, fornecedores, ag\u00eancias que verificam cadastros e assemelhadas, bancos, empresas de cart\u00f5es de cr\u00e9dito ou outras empresas que prestam servi\u00e7os financeiros para processar o seu pagamento por presta\u00e7\u00e3o de servi\u00e7os. Tais Informa\u00e7\u00f5es Pessoais podem incluir, entre outras, nome, endere\u00e7os e outras informa\u00e7\u00f5es de contato, emprego, escolaridade, refer\u00eancias e dados financeiros incluindo, entre outros, dados do cart\u00e3o de cr\u00e9dito ou outras informa\u00e7\u00f5es relacionadas com pagamentos.<\/p>\n<p style=\"text-align: justify;\">1.7. A Golden T\u00e1xi garante o seu direito \u00e0 privacidade, atrav\u00e9s das seguintes medidas: a) Seus dados cadastrais s\u00e3o armazenados de forma sigilosa, compondo seu registro de cliente cadastrado. Caso voc\u00ea autorize, incluiremos seu e-mail em nosso mailing para garantir o relacionamento cliente-empresa, atrav\u00e9s de e-mails informativos de promo\u00e7\u00f5es, lan\u00e7amentos, datas comemorativas e outros desta natureza; b) As prefer\u00eancias e localidades visitadas ser\u00e3o armazenadas em um hist\u00f3rico com o intuito de direcionar melhor o atendimento, garantindo a melhoria dos nossos servi\u00e7os, bem como para criar listas de recomenda\u00e7\u00f5es ao usu\u00e1rio de produtos ou servi\u00e7os que poder\u00e3o ser de seu interesse, de acordo com seu perfil.<\/p>\n<p style=\"text-align: justify;\">1.8. Pol\u00edtica anti-spam em nosso mailing: Ao final de cada email de marketing existe a op\u00e7\u00e3o de \u201cdescadastro\u201d, atrav\u00e9s do qual o Cliente poder\u00e1 optar por deixar de receber nossas promo\u00e7\u00f5es e divulga\u00e7\u00f5es dentro de um prazo m\u00e1ximo de 48 (quarenta e oito horas) \u00fateis.<\/p>\n<p style=\"text-align: justify;\">1.8.1 N\u00e3o havendo o cancelamento do envio de promo\u00e7\u00f5es, ofertas e informa\u00e7\u00f5es no prazo estipulado, dever\u00e3o informar a Golden T\u00e1xi sobre o incidente, a qual prontamente se colocar\u00e1 a disposi\u00e7\u00e3o para resolver os casos, atrav\u00e9s do e-mail\u00a0contato@goldentaxi.com.br.<\/p>\n<p style=\"text-align: justify;\">1.9. Esperamos que essas informa\u00e7\u00f5es possam lhe dar a tranquilidade necess\u00e1ria para realizar suas op\u00e7\u00f5es de servi\u00e7os com comodidade. Em caso de d\u00favidas, por favor, entre em contato conosco atrav\u00e9s da Central de Relacionamento Golden T\u00e1xi atrav\u00e9s do e-mail\u00a0contato@goldentaxi.com.br.<\/p>\n<p style=\"text-align: justify;\">1.10. Todas e quaisquer informa\u00e7\u00f5es, no tocante aos dados cadastrais dos usu\u00e1rios da Golden T\u00e1xi, n\u00e3o poder\u00e3o ser trocadas, vendidas, e nem sequer divulgadas para outras pessoas que n\u00e3o fa\u00e7am parte da equipe da Golden T\u00e1xi, exceto por ordem judicial ou quando tais informa\u00e7\u00f5es sejam estritamente necess\u00e1rias para o processo de cobran\u00e7a, entrega ou ainda \u00e0 participa\u00e7\u00e3o em eventuais promo\u00e7\u00f5es.<\/p>\n<p style=\"text-align: justify;\">1.11. A Golden T\u00e1xi, visando obter melhor precis\u00e3o e clareza em tra\u00e7ar o perfil de todos os seus usu\u00e1rios e tamb\u00e9m para trazer constantemente aprimoramentos ao aplicativo Golden T\u00e1xi assim como ao website www.goldentaxi.com.br, utilizar\u00e1 cookies.<\/p>\n<p style=\"text-align: justify;\">1.11.1 Os Cookies t\u00eam o objetivo de facilitar a navega\u00e7\u00e3o dos usu\u00e1rios, seja por recordar informa\u00e7\u00f5es importantes quanto ao estado de navega\u00e7\u00e3o ou dados relevantes interligados \u00e0 atividade na Internet e podem ou n\u00e3o ser alterados junto a configura\u00e7\u00e3o do navegador dos usu\u00e1rios.<\/p>\n<p style=\"text-align: justify;\">1.11.2 Os Cookies s\u00e3o importantes para identificar os usu\u00e1rios que tenham atitudes que prejudiquem o bom funcionamento do aplicativo Golden T\u00e1xi assim como ao website<a href=\"http:\/\/www.goldentaxi.com.br\"> www.goldentaxi.com.br<\/a>, cabendo \u00e0 Golden T\u00e1xi tomar as provid\u00eancias cab\u00edveis para o bom e regular funcionamento de sua plataforma.<\/p>\n<p style=\"text-align: justify;\">1.12 Ao utilizar o aplicativo Golden T\u00e1xi assim como ao website <a href=\"http:\/\/www.goldentaxi.com.br\">www.goldentaxi.com.br<\/a>, o usu\u00e1rio concorda em n\u00e3o violar, burlar, fazer engenharia reversa, descompilar, desmontar, ou de outra forma adulterar qualquer tecnologia de seguran\u00e7a relacionada \u00e0s regras de utiliza\u00e7\u00e3o e pol\u00edtica de uso Golden T\u00e1xi por qualquer motivo \u2013 ou tentar ou auxiliar outra pessoa a faz\u00ea-lo. Lembramos que viola\u00e7\u00f5es ou tentativas de viola\u00e7\u00f5es de seguran\u00e7a de sistema ou rede podem resultar em responsabilidade civil e criminal.<\/p>\n<p style=\"text-align: justify;\"><strong>II \u2013 Cadastro<\/strong><\/p>\n<p style=\"text-align: justify;\">2.1 Ao instalar e se cadastrar no aplicativo Golden T\u00e1xi assim como ao website <a href=\"http:\/\/www.goldentaxi.com.br\">www.goldentaxi.com.br<\/a>, o usu\u00e1rio concorda em fornecer informa\u00e7\u00f5es precisas e completas, bem como a mant\u00ea-las atualizadas, ciente que tais dados de registro poder\u00e3o ser armazenados e utilizados pela Golden T\u00e1xi para a manuten\u00e7\u00e3o e resgastes com descontos de pontua\u00e7\u00f5es no que tange, promo\u00e7\u00f5es, brindes e benef\u00edcios a conta do usu\u00e1rio.<\/p>\n<p style=\"text-align: justify;\">2.1.1 Para que recebam eventuais benef\u00edcios, descontos em servi\u00e7os e\u00a0 produtos atrav\u00e9s dos resgastes das promo\u00e7\u00f5es aplicadas no Golden T\u00e1xi, os usu\u00e1rios do aplicativo Golden T\u00e1xi assim como ao website <a href=\"http:\/\/www.goldentaxi.com.br\">www.goldentaxi.com.br<\/a> dever\u00e3o se cadastrar conforme as orienta\u00e7\u00f5es da Golden T\u00e1xi e manter sempre seus dados atualizados.<\/p>\n<p style=\"text-align: justify;\">2.2 \u00c9 de extrema import\u00e2ncia, visando a seguran\u00e7a do usu\u00e1rio e senha do utilizador do aplicativo Golden T\u00e1xi assim como ao website <a href=\"http:\/\/www.goldentaxi.com.br\">www.goldentaxi.com.br<\/a>, que n\u00e3o haja a divulga\u00e7\u00e3o de quaisquer dados relacionados ao seu login para terceiros, ainda que estes sejam seus amigos ou parentes. O usu\u00e1rio \u00e9 o respons\u00e1vel exclusivo por manter a confidencialidade e seguran\u00e7a da sua Conta, bem como por todas as atividades que ocorrerem na ou atrav\u00e9s dela, concordando em notificar imediatamente a Golden T\u00e1xi sobre qualquer viola\u00e7\u00e3o da seguran\u00e7a da sua Conta. O Golden T\u00e1xi n\u00e3o se responsabilizar\u00e1 por quaisquer perdas decorrentes do uso n\u00e3o autorizado da sua Conta, seja pelo usu\u00e1rio ou terceiros.<\/p>\n<p style=\"text-align: justify;\">2.3 Para utilizar servi\u00e7os e aderir a promo\u00e7\u00f5es divulgados pelo aplicativo Golden T\u00e1xi assim como ao website <a href=\"http:\/\/www.goldentaxi.com.br\">www.goldentaxi.com.br<\/a>, o usu\u00e1rio dever\u00e1 inserir seu login e senha para autenticar sua conta ou logar-se usando os dados de sua rede social FACEBOOK, autorizando assim o mesmo aplicar suas pol\u00edticas de privacidade.<\/p>\n<p style=\"text-align: justify;\">2.4 IMPORTANTE: A Golden T\u00e1xi jamais enviar\u00e1 e-mails aos usu\u00e1rios do aplicativo Golden T\u00e1xi assim como ao website www.goldentaxi.com.br com solicita\u00e7\u00f5es de confirma\u00e7\u00e3o dos dados de seu cadastro, com arquivos execut\u00e1veis, ou ainda com links diretos para download.<\/p>\n<p style=\"text-align: justify;\"><strong>III \u2013 Altera\u00e7\u00f5es na Pol\u00edtica de Privacidade (Aplicativo ou do website)<\/strong><\/p>\n<p style=\"text-align: justify;\"><strong>\u00a0<\/strong><\/p>\n<p style=\"text-align: justify;\">3.1. O Golden T\u00e1xi reserva-se o direito de, a qualquer tempo, sem pr\u00e9vio aviso, modificar, alterar, atualizar ou remover partes da Politica de Privacidade do aplicativo Golden T\u00e1xi ou do website www.goldentaxi.com.br sem \u00f4nus para voc\u00ea ou para qualquer terceiro. Periodicamente, favor verificar os Termos deste documento, porquanto o uso continuado do Aplicativo Golden T\u00e1xi ou do website significa a sua aceita\u00e7\u00e3o de quaisquer altera\u00e7\u00f5es, acr\u00e9scimos ou exclus\u00f5es.<\/p>\n<p style=\"text-align: justify;\">3.2. Se um indiv\u00edduo que usa o aplicativo Golden T\u00e1xi ou visita o website <a href=\"http:\/\/www.goldentaxi.com.br\">www.goldentaxi.com.br<\/a> desejar revisar ou pedir mudan\u00e7a de alguma informa\u00e7\u00e3o pessoal de identifica\u00e7\u00e3o, deve entrar em contato com a Golden T\u00e1xi para solicitar tal revis\u00e3o ou altera\u00e7\u00e3o, atrav\u00e9s do e-mail\u00a0contato@goldentaxi.com.br<\/p>\n<ol style=\"text-align: justify;\">\n<li><strong> Limita\u00e7\u00e3o de Responsabilidade<\/strong><\/li>\n<\/ol>\n<p style=\"text-align: justify;\">4.1 A Golden T\u00e1xi n\u00e3o se responsabiliza por quaisquer danos ou v\u00edrus que possam infectar o computador ou software do usu\u00e1rio por conta mau uso do website ou por atividades de terceiros. At\u00e9 onde \u00e9 permitido pela lei aplic\u00e1vel, n\u00e3o poder\u00e1 ser responsabilizada por voc\u00ea ou por qualquer outra pessoa em qualquer contrato, lei civil, responsabilidade estrita ou outra jurisprud\u00eancia por quaisquer danos de qualquer esp\u00e9cie relativos \u00e0 utiliza\u00e7\u00e3o ou tentativa de utiliza\u00e7\u00e3o do website, seu conte\u00fado, informa\u00e7\u00f5es, documentos ou links, incluindo, entre outros, danos especiais, exemplares, indiretos, consequenciais, incidentais ou punitivos (incluindo, entre outros, lucros cessantes ou perdas econ\u00f4micas).<\/p>\n<p style=\"text-align: justify;\">4.2 A Golden T\u00e1xi n\u00e3o assegura, declara ou garante que o funcionamento do aplicativo Golden T\u00e1xi assim como do website <a href=\"http:\/\/www.goldentaxi.com.br\">www.goldentaxi.com.br<\/a> ser\u00e1 ininterrupto e livre de erros, podendo ainda, periodicamente, remover, suspender ou cancelar o servi\u00e7o por per\u00edodos de tempo indeterminados, a qualquer momento, sem qualquer aviso e sem qualquer responsabiliza\u00e7\u00e3o perante usu\u00e1rios ou terceiros.<\/p>\n<p style=\"text-align: justify;\">4.3. Eventualmente alguns conte\u00fados, al\u00e9m dos servi\u00e7os divulgados atrav\u00e9s do aplicativo Golden T\u00e1xi assim como do website <a href=\"http:\/\/www.goldentaxi.com.br\">www.goldentaxi.com.br<\/a> pod\u00e3o conter materiais de terceiros. A Golden T\u00e1xi poder\u00e1 fornecer links para websites de terceiros como uma conveni\u00eancia ao usu\u00e1rio, que concorda que a Golden T\u00e1xi n\u00e3o \u00e9 respons\u00e1vel por examinar ou avaliar o conte\u00fado ou precis\u00e3o, n\u00e3o garante e n\u00e3o ser\u00e1 responsabilizada por quaisquer materiais, produtos, servi\u00e7os ou sites de terceiros.<\/p>\n<p style=\"text-align: justify;\">4.4. O usu\u00e1rio compreende que, ao utilizar o aplicativo Golden T\u00e1xi assim como ao website <a href=\"http:\/\/www.goldentaxi.com.br\">www.goldentaxi.com.br<\/a>, poder\u00e1 encontrar material contendo descri\u00e7\u00f5es de produtos e servi\u00e7os que considere ser ofensivo, indecente, question\u00e1vel ou expl\u00edcito. N\u00e3o obstante, concorda em usar o aplicativo Golden T\u00e1xi assim como o website <a href=\"http:\/\/www.goldentaxi.com.br\">www.goldentaxi.com.br<\/a> a seu pr\u00f3prio risco, e a Golden T\u00e1xi n\u00e3o ser\u00e1 responsabilizada pelo usu\u00e1rio pelo material que eventualmente seja assim considerado pelo usu\u00e1rio. Os tipos e descri\u00e7\u00f5es dos produtos e servi\u00e7os veiculados pela Golden T\u00e1xi s\u00e3o fornecidos por conveni\u00eancia e elaborados pelos referidos fornecedores ou pela pr\u00f3pria empresa \u2013 Golden T\u00e1xi.<\/p>\n<ol style=\"text-align: justify;\">\n<li><strong> Utiliza\u00e7\u00e3o por crian\u00e7as \/ menores de idade<\/strong><\/li>\n<\/ol>\n<p style=\"text-align: justify;\">5.1. N\u00e3o pretendemos coletar informa\u00e7\u00f5es pessoais identific\u00e1veis de crian\u00e7as por meio de nosso website. e\/ou aplicativo. N\u00f3s expressamente recomendamos que voc\u00ea n\u00e3o permita que crian\u00e7as com menos de 16 (dezesseis) anos submetam quaisquer informa\u00e7\u00f5es pessoais identific\u00e1veis. Reconhecemos que a prote\u00e7\u00e3o das identidades de crian\u00e7as e de sua privacidade online \u00e9 importante. Se souber que tais informa\u00e7\u00f5es foram fornecidas por uma crian\u00e7a com menos de 16 (dezesseis) anos, entre em contato com a Golden T\u00e1xi pelo e-mail\u00a0contato@goldentaxi.com.br, para que possamos apagar tais dados. Indiv\u00edduos com menos de dezoito (18) anos devem consultar seus pais ou guardi\u00f5es sobre a utiliza\u00e7\u00e3o deste website, e\/ou sobre a utiliza\u00e7\u00e3o do aplicativo Golden T\u00e1xi.<\/p>\n<p class=\"body-text\" style=\"text-align: justify;\"><strong>Data da \u00faltima atualiza\u00e7\u00e3o destas Pol\u00edticas:<\/strong><br \/>Vers\u00e3o desenvolvida e revisada por Golden T\u00e1xi \u2013 Julho de 2022.<\/p>\n\t\t\t\t\t\t\t\t<\/div>\n\t\t\t\t<\/div>\n\t\t\t\t\t<\/div>\n\t\t<\/div>\n\t\t\t\t\t<\/div>\n\t\t<\/section>\n\t\t\t\t<\/div>\n\t\t","protected":false},"excerpt":{"rendered":"<p>POR FAVOR, LEIA CUIDADOSAMENTE O PRESENTE DOCUMENTO. \u00a0 Considerando que: I) a JOSE HENRIQUE LOPES DA SILVA EIRELI &#8211; ME (\u201cTODAYSI\u201d) (CNPJ\/MF n\u00ba 918.087\/0001-09 \u00e9 uma pessoa jur\u00eddica de direito privado, empresa regularmente constitu\u00edda que se dedica ao ramo de programas de computadores (softwares \/ aplicativos) e promove a presta\u00e7\u00e3o de servi\u00e7os de desenvolvimento de<\/p>\n","protected":false},"author":1,"featured_media":0,"parent":0,"menu_order":0,"comment_status":"closed","ping_status":"closed","template":"","meta":{"inline_featured_image":false,"footnotes":""},"class_list":["post-3506","page","type-page","status-publish","hentry"],"_links":{"self":[{"href":"https:\/\/goldentaxi.com.br\/index.php?rest_route=\/wp\/v2\/pages\/3506","targetHints":{"allow":["GET"]}}],"collection":[{"href":"https:\/\/goldentaxi.com.br\/index.php?rest_route=\/wp\/v2\/pages"}],"about":[{"href":"https:\/\/goldentaxi.com.br\/index.php?rest_route=\/wp\/v2\/types\/page"}],"author":[{"embeddable":true,"href":"https:\/\/goldentaxi.com.br\/index.php?rest_route=\/wp\/v2\/users\/1"}],"replies":[{"embeddable":true,"href":"https:\/\/goldentaxi.com.br\/index.php?rest_route=%2Fwp%2Fv2%2Fcomments&post=3506"}],"version-history":[{"count":5,"href":"https:\/\/goldentaxi.com.br\/index.php?rest_route=\/wp\/v2\/pages\/3506\/revisions"}],"predecessor-version":[{"id":4786,"href":"https:\/\/goldentaxi.com.br\/index.php?rest_route=\/wp\/v2\/pages\/3506\/revisions\/4786"}],"wp:attachment":[{"href":"https:\/\/goldentaxi.com.br\/index.php?rest_route=%2Fwp%2Fv2%2Fmedia&parent=3506"}],"curies":[{"name":"wp","href":"https:\/\/api.w.org\/{rel}","templated":true}]}}